{"id":2,"date":"2010-09-05T18:45:20","date_gmt":"2010-09-05T18:45:20","guid":{"rendered":"http:\/\/www.hakancakiroglu.com\/wordpress\/?page_id=2"},"modified":"2011-03-23T09:48:24","modified_gmt":"2011-03-23T09:48:24","slug":"hakkinda","status":"publish","type":"page","link":"https:\/\/www.hakancakiroglu.com\/wordpress\/?page_id=2","title":{"rendered":"Hakk\u0131nda"},"content":{"rendered":"<p>Hakan \u00c7AKIRO\u011eLU<\/p>\n","protected":false},"excerpt":{"rendered":"<p>Hakan \u00c7AKIRO\u011eLU<\/p>\n","protected":false},"author":1,"featured_media":0,"parent":0,"menu_order":0,"comment_status":"open","ping_status":"open","template":"","meta":[],"_links":{"self":[{"href":"https:\/\/www.hakancakiroglu.com\/wordpress\/index.php?rest_route=\/wp\/v2\/pages\/2"}],"collection":[{"href":"https:\/\/www.hakancakiroglu.com\/wordpress\/index.php?rest_route=\/wp\/v2\/pages"}],"about":[{"href":"https:\/\/www.hakancakiroglu.com\/wordpress\/index.php?rest_route=\/wp\/v2\/types\/page"}],"author":[{"embeddable":true,"href":"https:\/\/www.hakancakiroglu.com\/wordpress\/index.php?rest_route=\/wp\/v2\/users\/1"}],"replies":[{"embeddable":true,"href":"https:\/\/www.hakancakiroglu.com\/wordpress\/index.php?rest_route=%2Fwp%2Fv2%2Fcomments&post=2"}],"version-history":[{"count":0,"href":"https:\/\/www.hakancakiroglu.com\/wordpress\/index.php?rest_route=\/wp\/v2\/pages\/2\/revisions"}],"wp:attachment":[{"href":"https:\/\/www.hakancakiroglu.com\/wordpress\/index.php?rest_route=%2Fwp%2Fv2%2Fmedia&parent=2"}],"curies":[{"name":"wp","href":"https:\/\/api.w.org\/{rel}","templated":true}]}}